{"id":6470,"date":"2026-04-20T21:48:51","date_gmt":"2026-04-21T01:48:51","guid":{"rendered":"https:\/\/archipelagomtl.com\/product\/bureau-valois\/"},"modified":"2026-04-28T11:55:49","modified_gmt":"2026-04-28T15:55:49","slug":"bureau-valois","status":"publish","type":"product","link":"https:\/\/archipelagomtl.com\/fr\/produit\/bureau-valois\/","title":{"rendered":"Bureau Valois"},"content":{"rendered":"<p>Notre bureau Valois est un incontournable qui ne laisse pas indiff\u00e9rent. En bois massif avec un style scandinave intemporel, il sera le point central de votre bureau. Comporte un meuble de rangement \u00e0 2 tiroirs avec ouverture par pression et suspendu par 4 cylindres en laiton. Essentiel pour garder votre surface de travail ordonn\u00e9 et propre. Fabriqu\u00e9 ici m\u00eame \u00e0 Montr\u00e9al, QC dans notre atelier. Livr\u00e9 enti\u00e8rement assembl\u00e9.     <\/p>\n<p>-Dimensions : 68 pouces de long X 29,5 de large X 30 de haut-<\/p>\n<p>Disponible en noyer noir ou en ch\u00eane blanc.<\/p>\n<p><em>Si il n&rsquo;est pas en inventaire; Disponible en 3 \u00e0 5 semaines<\/em><\/p>\n<p><strong><span style=\"color: #000080;\">Mat\u00e9riaux :<\/span><\/strong><\/p>\n<p>Bureau : bois massif<br \/>\nTiroirs : Placage de bois v\u00e9ritable et m\u00e9lamine imitation bois<\/p>\n","protected":false},"excerpt":{"rendered":"<p>Mat\u00e9riaux<\/p>\n<p>Bureau : bois massif<br \/>\nTiroirs : placage bois et m\u00e9lamine imitant le bois<\/p>\n","protected":false},"featured_media":6625,"template":"","meta":{"_seopress_robots_primary_cat":"none","_seopress_titles_title":"Bureau en bois massif \/ Solid wood desk","_seopress_titles_desc":"Le bureau valois est un incontournable pour un bureau qui ne laisse pas indiff\u00e9rent. En bois massif avec un style scandinave. Fabriqu\u00e9 a Montr\u00e9al, Qc.  ","_seopress_robots_index":"","iawp_total_views":56},"product_brand":[],"product_cat":[82],"product_tag":[],"class_list":{"0":"post-6470","1":"product","2":"type-product","3":"status-publish","4":"has-post-thumbnail","6":"product_cat-bureau","8":"first","9":"instock","10":"taxable","11":"shipping-taxable","12":"purchasable","13":"product-type-variable"},"_links":{"self":[{"href":"https:\/\/archipelagomtl.com\/fr\/wp-json\/wp\/v2\/product\/6470","targetHints":{"allow":["GET"]}}],"collection":[{"href":"https:\/\/archipelagomtl.com\/fr\/wp-json\/wp\/v2\/product"}],"about":[{"href":"https:\/\/archipelagomtl.com\/fr\/wp-json\/wp\/v2\/types\/product"}],"wp:featuredmedia":[{"embeddable":true,"href":"https:\/\/archipelagomtl.com\/fr\/wp-json\/wp\/v2\/media\/6625"}],"wp:attachment":[{"href":"https:\/\/archipelagomtl.com\/fr\/wp-json\/wp\/v2\/media?parent=6470"}],"wp:term":[{"taxonomy":"product_brand","embeddable":true,"href":"https:\/\/archipelagomtl.com\/fr\/wp-json\/wp\/v2\/product_brand?post=6470"},{"taxonomy":"product_cat","embeddable":true,"href":"https:\/\/archipelagomtl.com\/fr\/wp-json\/wp\/v2\/product_cat?post=6470"},{"taxonomy":"product_tag","embeddable":true,"href":"https:\/\/archipelagomtl.com\/fr\/wp-json\/wp\/v2\/product_tag?post=6470"}],"curies":[{"name":"wp","href":"https:\/\/api.w.org\/{rel}","templated":true}]}}