{"id":6462,"date":"2026-04-20T20:19:51","date_gmt":"2026-04-21T00:19:51","guid":{"rendered":"https:\/\/archipelagomtl.com\/product\/commode-3-tiroirs-valois\/"},"modified":"2026-04-28T10:57:22","modified_gmt":"2026-04-28T14:57:22","slug":"commode-3-tiroirs-valois","status":"publish","type":"product","link":"https:\/\/archipelagomtl.com\/fr\/produit\/commode-3-tiroirs-valois\/","title":{"rendered":"Commode 3 tiroirs Valois"},"content":{"rendered":"<p>Notre commode Valois est une pi\u00e8ce \u00e9l\u00e9gante de style scandinave avec une touche Japandi intemporelle et \u00e9l\u00e9gante. Dot\u00e9e de 3 tiroirs a ouverture par pression, elle trouvera sa place dans toutes les pi\u00e8ces, grandes ou petites. Les coins joint\u00e9 \u00e0 45 degr\u00e9s lui donnent une continuit\u00e9 du grain pour une \u00e9l\u00e9gance assum\u00e9e que l&rsquo;on ne retrouve pas dans les magasins \u00e0 grande surface. Fabriqu\u00e9 dans notre atelier de Montr\u00e9al, Qc. Livr\u00e9 enti\u00e8rement assembl\u00e9.    <\/p>\n<p>Dimensions : 42 pouces de large X 20 pouces de profondeur X 38 pouces de hauteur<\/p>\n<p>Disponible en noyer noir ou en ch\u00eane blanc<\/p>\n<p>Si il n&rsquo;est pas en inventaire, le d\u00e9lai de fabrication est de 2 \u00e0 4 semaines.<\/p>\n","protected":false},"excerpt":{"rendered":"<p>Notre commode Valois est une pi\u00e8ce \u00e9l\u00e9gante de style scandinave avec une touche Japandi intemporelle et \u00e9l\u00e9gante. Dot\u00e9e de 3 tiroirs a ouverture par pression, elle trouvera sa place dans toutes les pi\u00e8ces, grandes ou petites. Les coins joint\u00e9 \u00e0 45 degr\u00e9s lui donnent une continuit\u00e9 du grain pour une \u00e9l\u00e9gance assum\u00e9e que l&rsquo;on ne [&hellip;]<\/p>\n","protected":false},"featured_media":6441,"template":"","meta":{"_seopress_robots_primary_cat":"none","_seopress_titles_title":"Commode 3 tiroires \/ 3 drawers dresser","_seopress_titles_desc":"Notre commode valois est fabriqu\u00e9 dans notre atelier ici meme a Montr\u00e9al. Investiss\u00e9 dans des meuble fait ici. ","_seopress_robots_index":"","iawp_total_views":105},"product_brand":[],"product_cat":[83],"product_tag":[],"class_list":{"0":"post-6462","1":"product","2":"type-product","3":"status-publish","4":"has-post-thumbnail","6":"product_cat-chambre-a-coucher","8":"first","9":"instock","10":"taxable","11":"shipping-taxable","12":"purchasable","13":"product-type-variable"},"_links":{"self":[{"href":"https:\/\/archipelagomtl.com\/fr\/wp-json\/wp\/v2\/product\/6462","targetHints":{"allow":["GET"]}}],"collection":[{"href":"https:\/\/archipelagomtl.com\/fr\/wp-json\/wp\/v2\/product"}],"about":[{"href":"https:\/\/archipelagomtl.com\/fr\/wp-json\/wp\/v2\/types\/product"}],"wp:featuredmedia":[{"embeddable":true,"href":"https:\/\/archipelagomtl.com\/fr\/wp-json\/wp\/v2\/media\/6441"}],"wp:attachment":[{"href":"https:\/\/archipelagomtl.com\/fr\/wp-json\/wp\/v2\/media?parent=6462"}],"wp:term":[{"taxonomy":"product_brand","embeddable":true,"href":"https:\/\/archipelagomtl.com\/fr\/wp-json\/wp\/v2\/product_brand?post=6462"},{"taxonomy":"product_cat","embeddable":true,"href":"https:\/\/archipelagomtl.com\/fr\/wp-json\/wp\/v2\/product_cat?post=6462"},{"taxonomy":"product_tag","embeddable":true,"href":"https:\/\/archipelagomtl.com\/fr\/wp-json\/wp\/v2\/product_tag?post=6462"}],"curies":[{"name":"wp","href":"https:\/\/api.w.org\/{rel}","templated":true}]}}