{"id":6446,"date":"2026-04-20T19:43:20","date_gmt":"2026-04-20T23:43:20","guid":{"rendered":"https:\/\/archipelagomtl.com\/product\/console-tv-valois\/"},"modified":"2026-04-28T12:17:28","modified_gmt":"2026-04-28T16:17:28","slug":"console-tv-valois","status":"publish","type":"product","link":"https:\/\/archipelagomtl.com\/fr\/produit\/console-tv-valois\/","title":{"rendered":"Console TV Valois"},"content":{"rendered":"<p>Notre meuble TV Valois est une pi\u00e8ce \u00e9pur\u00e9e de style scandinave avec une touche Japandi intemporelle et \u00e9l\u00e9gante. Dot\u00e9 de 3 portes a ouvertures par pression, il trouvera sa place dans tous les salons grands et petits. Les joints \u00e0 45 degr\u00e9s lui conf\u00e8rent une continuit\u00e9 du grain pour une \u00e9l\u00e9gance assum\u00e9e que l\u2019on ne retrouve pas dans les grandes cha\u00eenes de magasins. Cette console TV est fabriqu\u00e9e ici \u00e0 Montr\u00e9al, au Qu\u00e9bec. Elle est livr\u00e9e enti\u00e8rement assembl\u00e9e.    <\/p>\n<p>Dimensions : 59 pouces de long X 17 pouces de profondeur X 22.5 pouces de haut<\/p>\n<p>Disponible en noyer noir ou en ch\u00eane blanc<\/p>\n<p>Si il n&rsquo;est pas en inventaire, le d\u00e9lai de fabrication est de 2 \u00e0 4 semaines.<\/p>\n<p><strong><span style=\"color: #000080;\">Mat\u00e9riaux :<\/span><\/strong><\/p>\n<p>Ext\u00e9rieur : placage en bois v\u00e9ritable<br \/>\nInt\u00e9rieur : m\u00e9lamine textur\u00e9e imitant le bois<\/p>\n","protected":false},"excerpt":{"rendered":"<p>Notre meuble TV Valois est une pi\u00e8ce \u00e9pur\u00e9e de style scandinave avec une touche Japandi intemporelle et \u00e9l\u00e9gante. Dot\u00e9 de 3 portes a ouvertures par pression, il trouvera sa place dans tous les salons grands et petits. Les joints \u00e0 45 degr\u00e9s lui conf\u00e8rent une continuit\u00e9 du grain pour une \u00e9l\u00e9gance assum\u00e9e que l\u2019on ne [&hellip;]<\/p>\n","protected":false},"featured_media":6458,"template":"","meta":{"_seopress_robots_primary_cat":"68","_seopress_titles_title":"Meuble TV fabriquer a montr\u00e9al \/ TV console","_seopress_titles_desc":"Meuble TV de qualit\u00e9 fabriqu\u00e9 ici meme a Montr\u00e9al. Des meubles intemporel, un investissement pour votre maison. Console TV  ","_seopress_robots_index":"","iawp_total_views":401},"product_brand":[],"product_cat":[81],"product_tag":[],"class_list":{"0":"post-6446","1":"product","2":"type-product","3":"status-publish","4":"has-post-thumbnail","6":"product_cat-salon","8":"first","9":"instock","10":"taxable","11":"shipping-taxable","12":"purchasable","13":"product-type-variable"},"_links":{"self":[{"href":"https:\/\/archipelagomtl.com\/fr\/wp-json\/wp\/v2\/product\/6446","targetHints":{"allow":["GET"]}}],"collection":[{"href":"https:\/\/archipelagomtl.com\/fr\/wp-json\/wp\/v2\/product"}],"about":[{"href":"https:\/\/archipelagomtl.com\/fr\/wp-json\/wp\/v2\/types\/product"}],"wp:featuredmedia":[{"embeddable":true,"href":"https:\/\/archipelagomtl.com\/fr\/wp-json\/wp\/v2\/media\/6458"}],"wp:attachment":[{"href":"https:\/\/archipelagomtl.com\/fr\/wp-json\/wp\/v2\/media?parent=6446"}],"wp:term":[{"taxonomy":"product_brand","embeddable":true,"href":"https:\/\/archipelagomtl.com\/fr\/wp-json\/wp\/v2\/product_brand?post=6446"},{"taxonomy":"product_cat","embeddable":true,"href":"https:\/\/archipelagomtl.com\/fr\/wp-json\/wp\/v2\/product_cat?post=6446"},{"taxonomy":"product_tag","embeddable":true,"href":"https:\/\/archipelagomtl.com\/fr\/wp-json\/wp\/v2\/product_tag?post=6446"}],"curies":[{"name":"wp","href":"https:\/\/api.w.org\/{rel}","templated":true}]}}