{"id":5028,"date":"2026-03-17T21:04:17","date_gmt":"2026-03-18T01:04:17","guid":{"rendered":"https:\/\/archipelagomtl.com\/politique-de-confidentialite\/"},"modified":"2026-04-14T14:22:58","modified_gmt":"2026-04-14T18:22:58","slug":"politique-de-confidentialite","status":"publish","type":"page","link":"https:\/\/archipelagomtl.com\/fr\/politique-de-confidentialite\/","title":{"rendered":"Politique de confidentialit\u00e9"},"content":{"rendered":"\t\t<div data-elementor-type=\"wp-page\" data-elementor-id=\"5028\" class=\"elementor elementor-5028 elementor-4927\" data-elementor-post-type=\"page\">\n\t\t\t\t<div class=\"elementor-element elementor-element-2e634ba e-flex e-con-boxed e-con e-parent\" data-id=\"2e634ba\" data-element_type=\"container\" data-e-type=\"container\" data-settings=\"{&quot;background_background&quot;:&quot;classic&quot;}\">\n\t\t\t\t\t<div class=\"e-con-inner\">\n\t\t\t\t\t<\/div>\n\t\t\t\t<\/div>\n\t\t<div class=\"elementor-element elementor-element-6baa8b0 e-flex e-con-boxed e-con e-parent\" data-id=\"6baa8b0\" data-element_type=\"container\" data-e-type=\"container\">\n\t\t\t\t\t<div class=\"e-con-inner\">\n\t\t\t\t<div class=\"elementor-element elementor-element-214e088 elementor-widget elementor-widget-text-editor\" data-id=\"214e088\" data-element_type=\"widget\" data-e-type=\"widget\" data-widget_type=\"text-editor.default\">\n\t\t\t\t\t\t\t\t\t<h2 data-path-to-node=\"2\"><b data-path-to-node=\"2\" data-index-in-node=\"0\">Politique de confidentialit\u00e9 d&rsquo;Archipelago Montr\u00e9al<\/b><\/h2><p data-path-to-node=\"3\"><b data-path-to-node=\"3\" data-index-in-node=\"0\">Derni\u00e8re mise \u00e0 jour<\/b> : 17 mars 2026<\/p><p data-path-to-node=\"4\">Chez Archipelago Montr\u00e9al, nous respectons votre vie priv\u00e9e. La pr\u00e9sente politique d\u00e9crit comment nous recueillons, utilisons et prot\u00e9geons vos renseignements personnels conform\u00e9ment \u00e0 la Loi 25 du Qu\u00e9bec et \u00e0 la Loi f\u00e9d\u00e9rale canadienne sur la protection des renseignements personnels (LPRPDE). <\/p><h3 data-path-to-node=\"5\"><b data-path-to-node=\"5\" data-index-in-node=\"0\">1. Informations que nous recueillons<\/b><\/h3><p data-path-to-node=\"6\">Nous collectons seulement les informations n\u00e9cessaire pour fournir un service d&rsquo;\u00e9b\u00e9nisterie de qualit\u00e9. <\/p><ul data-path-to-node=\"7\"><li><p data-path-to-node=\"7,0,0\"><b data-path-to-node=\"7,0,0\" data-index-in-node=\"0\">Informations de contact<\/b> : Nom, adresse e-mail, num\u00e9ro de t\u00e9l\u00e9phone et adresse de livraison\/facturation.<\/p><\/li><li><p data-path-to-node=\"7,1,0\"><b data-path-to-node=\"7,1,0\" data-index-in-node=\"0\">Donn\u00e9es de transaction<\/b> : D\u00e9tails concernant les articles que vous avez achet\u00e9s ou command\u00e9s.<\/p><\/li><li><p data-path-to-node=\"7,2,0\"><b data-path-to-node=\"7,2,0\" data-index-in-node=\"0\">Sp\u00e9cificit\u00e9s du projet<\/b> : Photos de votre espace ou plans architecturaux fournis pour les commandes sur mesure.<\/p><\/li><li><p data-path-to-node=\"7,3,0\"><b data-path-to-node=\"7,3,0\" data-index-in-node=\"0\">Donn\u00e9es num\u00e9riques<\/b> : adresses IP ou cookies (si vous visitez notre site web) afin d\u2019am\u00e9liorer votre exp\u00e9rience de navigation.<\/p><\/li><\/ul><h3 data-path-to-node=\"8\"><b data-path-to-node=\"8\" data-index-in-node=\"0\">2. Comment nous utilisons vos donn\u00e9es<\/b><\/h3><p data-path-to-node=\"9\">Vos informations sont utilis\u00e9es exclusivement aux fins suivantes :<\/p><ul data-path-to-node=\"10\"><li><p data-path-to-node=\"10,0,0\">Traitement et livraison de vos commandes.<\/p><\/li><li><p data-path-to-node=\"10,1,0\">Communiquer concernant l&rsquo;avancement de votre construction personnalis\u00e9e.<\/p><\/li><li><p data-path-to-node=\"10,2,0\">Envoi occasionnel de mises \u00e0 jour sur les ateliers ou de conseils d&rsquo;entretien (uniquement si vous avez donn\u00e9 votre accord).<\/p><\/li><li><p data-path-to-node=\"10,3,0\">Traitement s\u00e9curis\u00e9 des paiements via nos partenaires tiers (par exemple, Stripe).<\/p><\/li><\/ul><h3 data-path-to-node=\"11\"><b data-path-to-node=\"11\" data-index-in-node=\"0\">3. Partage de donn\u00e9es et tiers<\/b><\/h3><p data-path-to-node=\"12\"><b data-path-to-node=\"12\" data-index-in-node=\"0\">Nous ne vendons, ne louons ni n&rsquo;\u00e9changeons vos informations personnelles.<\/b> Nous ne partageons les donn\u00e9es qu&rsquo;avec les prestataires de services essentiels, tels que :<\/p><ul data-path-to-node=\"13\"><li><p data-path-to-node=\"13,0,0\"><b data-path-to-node=\"13,0,0\" data-index-in-node=\"0\">Processeurs de paiement<\/b> : pour traiter en toute s\u00e9curit\u00e9 les informations relatives aux cartes de cr\u00e9dit.<\/p><\/li><li><p data-path-to-node=\"13,1,0\"><b data-path-to-node=\"13,1,0\" data-index-in-node=\"0\">Services de livraison<\/b> : Pour garantir que vos meubles arrivent \u00e0 la bonne adresse.<\/p><\/li><li><p data-path-to-node=\"13,2,0\"><b data-path-to-node=\"13,2,0\" data-index-in-node=\"0\">Obligations l\u00e9gales<\/b> : Uniquement si la loi l\u2019exige ou pour prot\u00e9ger les droits l\u00e9gaux de notre atelier.<\/p><\/li><\/ul><h3 data-path-to-node=\"14\"><b data-path-to-node=\"14\" data-index-in-node=\"0\">4. Vos droits (Loi 25)<\/b><\/h3><p data-path-to-node=\"15\">En vertu de la loi qu\u00e9b\u00e9coise, vous avez un contr\u00f4le important sur vos donn\u00e9es :<\/p><ul data-path-to-node=\"16\"><li><p data-path-to-node=\"16,0,0\"><b data-path-to-node=\"16,0,0\" data-index-in-node=\"0\">Acc\u00e8s et rectification<\/b> : Vous pouvez demander \u00e0 consulter les donn\u00e9es que nous d\u00e9tenons vous concernant et demander leur rectification.<\/p><\/li><li><p data-path-to-node=\"16,1,0\"><b data-path-to-node=\"16,1,0\" data-index-in-node=\"0\">Portabilit\u00e9 des donn\u00e9es<\/b> : Vous pouvez demander une copie de vos donn\u00e9es dans un format technologique structur\u00e9.<\/p><\/li><li><p data-path-to-node=\"16,2,0\"><b data-path-to-node=\"16,2,0\" data-index-in-node=\"0\">Droit \u00e0 l\u2019oubli <\/b>: Vous pouvez demander que nous effacions vos renseignements personnels, \u00e0 condition qu\u2019ils ne soient plus n\u00e9cessaires \u00e0 des fins l\u00e9gales ou fiscales (par exemple, la tenue de registres de ventes pour Revenu Qu\u00e9bec).<\/p><\/li><\/ul><h3 data-path-to-node=\"17\"><b data-path-to-node=\"17\" data-index-in-node=\"0\">5. S\u00e9curit\u00e9 et fid\u00e9lisation<\/b><\/h3><p data-path-to-node=\"18\">Nous prenons des mesures de s\u00e9curit\u00e9 raisonnables pour prot\u00e9ger vos donn\u00e9es contre tout acc\u00e8s non autoris\u00e9. Nous ne conservons vos renseignements que pendant la p\u00e9riode n\u00e9cessaire \u00e0 la prestation de nos services ou conform\u00e9ment aux exigences des lois fiscales du Qu\u00e9bec. <\/p><h3 data-path-to-node=\"19\"><b data-path-to-node=\"19\" data-index-in-node=\"0\">6. Contactez notre responsable de la protection des donn\u00e9es<\/b><\/h3><p data-path-to-node=\"20\">Si vous avez des questions, souhaitez exercer vos droits ou avez des inqui\u00e9tudes concernant le traitement de vos donn\u00e9es, veuillez contacter notre responsable de la protection des donn\u00e9es d\u00e9sign\u00e9 :<\/p><p data-path-to-node=\"21\"><b data-path-to-node=\"21\" data-index-in-node=\"0\">Responsable de la confidentialit\u00e9<\/b> : Jeremi Poliquin <b data-path-to-node=\"21\" data-index-in-node=\"50\">Courriel<\/b> : info@archipelagomtl.com <b data-path-to-node=\"21\" data-index-in-node=\"78\">Adresse<\/b> : 5655 rue de Marseille, bureau 400 Montr\u00e9al, QC<\/p>\t\t\t\t\t\t\t\t<\/div>\n\t\t\t\t\t<\/div>\n\t\t\t\t<\/div>\n\t\t\t\t<\/div>\n\t\t","protected":false},"excerpt":{"rendered":"<p>Politique de confidentialit\u00e9 d&rsquo;Archipelago Montr\u00e9al Derni\u00e8re mise \u00e0 jour : 17 mars 2026 Chez Archipelago Montr\u00e9al, nous respectons votre vie priv\u00e9e. La pr\u00e9sente politique d\u00e9crit comment nous recueillons, utilisons et prot\u00e9geons vos renseignements personnels conform\u00e9ment \u00e0 la Loi 25 du Qu\u00e9bec et \u00e0 la Loi f\u00e9d\u00e9rale canadienne sur la protection des renseignements personnels (LPRPDE). 1. [&hellip;]<\/p>\n","protected":false},"author":1,"featured_media":0,"parent":0,"menu_order":0,"comment_status":"closed","ping_status":"closed","template":"","meta":{"_seopress_robots_primary_cat":"","_seopress_titles_title":"","_seopress_titles_desc":"","_seopress_robots_index":"","footnotes":""},"class_list":["post-5028","page","type-page","status-publish","hentry"],"_links":{"self":[{"href":"https:\/\/archipelagomtl.com\/fr\/wp-json\/wp\/v2\/pages\/5028","targetHints":{"allow":["GET"]}}],"collection":[{"href":"https:\/\/archipelagomtl.com\/fr\/wp-json\/wp\/v2\/pages"}],"about":[{"href":"https:\/\/archipelagomtl.com\/fr\/wp-json\/wp\/v2\/types\/page"}],"author":[{"embeddable":true,"href":"https:\/\/archipelagomtl.com\/fr\/wp-json\/wp\/v2\/users\/1"}],"replies":[{"embeddable":true,"href":"https:\/\/archipelagomtl.com\/fr\/wp-json\/wp\/v2\/comments?post=5028"}],"version-history":[{"count":2,"href":"https:\/\/archipelagomtl.com\/fr\/wp-json\/wp\/v2\/pages\/5028\/revisions"}],"predecessor-version":[{"id":6300,"href":"https:\/\/archipelagomtl.com\/fr\/wp-json\/wp\/v2\/pages\/5028\/revisions\/6300"}],"wp:attachment":[{"href":"https:\/\/archipelagomtl.com\/fr\/wp-json\/wp\/v2\/media?parent=5028"}],"curies":[{"name":"wp","href":"https:\/\/api.w.org\/{rel}","templated":true}]}}